{"id":6540,"date":"2022-08-11T09:03:51","date_gmt":"2022-08-11T09:03:51","guid":{"rendered":"https:\/\/nurgrouptr.com\/?page_id=6540"},"modified":"2022-08-11T10:44:59","modified_gmt":"2022-08-11T10:44:59","slug":"hakkimizda","status":"publish","type":"page","link":"https:\/\/nurgrouptr.com\/hakkimizda\/","title":{"rendered":""},"content":{"rendered":"<figure class=\"wp-block-image aligncenter size-full\"><img fetchpriority=\"high\" decoding=\"async\" width=\"646\" height=\"120\" src=\"https:\/\/nurgrouptr.com\/wp-content\/uploads\/2022\/08\/logo_s.png\" alt=\"\" class=\"wp-image-6468\" srcset=\"https:\/\/nurgrouptr.com\/wp-content\/uploads\/2022\/08\/logo_s.png 646w, https:\/\/nurgrouptr.com\/wp-content\/uploads\/2022\/08\/logo_s-300x56.png 300w, https:\/\/nurgrouptr.com\/wp-content\/uploads\/2022\/08\/logo_s-450x84.png 450w, https:\/\/nurgrouptr.com\/wp-content\/uploads\/2022\/08\/logo_s-595x111.png 595w, https:\/\/nurgrouptr.com\/wp-content\/uploads\/2022\/08\/logo_s-600x111.png 600w\" sizes=\"(max-width: 646px) 100vw, 646px\" \/><\/figure>\n\n\n\n<h2 class=\"wp-block-heading\">Hakk\u0131m\u0131zda<\/h2>\n\n\n\n<p>Nur Group \u0130n\u015faat ve Ticaret Limited \u015eirketi, 1993 y\u0131l\u0131nda kurulmu\u015ftur. \u015eirketimiz, d\u00fcnyan\u0131n bir\u00e7ok yerinden farkl\u0131 sekt\u00f6r ve alanlarda yar\u0131m as\u0131rdan fazla s\u00fcre deneyime sahiptir. Nur Group \u0130n\u015faat ve Ticaret \u015eirketi olarak biz, in\u015faat, sanayi, tar\u0131m ve sa\u011fl\u0131k alanlar\u0131nda faaliyet g\u00f6stermekteyiz. \u015eirketimiz benimsemi\u015f oldu\u011fu \u2018Hayallerinizin Ger\u00e7e\u011fe D\u00f6n\u00fc\u015ft\u00fc\u011f\u00fc Yer\u2019 slogan\u0131 ile b\u00fcnyesinde bar\u0131nd\u0131rd\u0131\u011f\u0131 alanlarda en iyi ve en kaliteli olmay\u0131 hedeflemektedir. Bu ama\u00e7la, d\u00fcr\u00fcst, cesur ve yenilik\u00e7i yakla\u015f\u0131m\u0131m\u0131z ile T\u00fcrkiye\u2019nin her bir yerinde in\u015faat, sanayi, tar\u0131m ve sa\u011fl\u0131k alanlar\u0131nda iz b\u0131rakacak dokunu\u015flar yapmay\u0131 benimsemi\u015f bulunmaktay\u0131z.<br>Bu ba\u011flamda \u015firketimiz, en y\u00fcksek standartlara sahip olan 500\u2019den fazla kamu ve \u00f6zel projesini ba\u015far\u0131 ile tamamlam\u0131\u015f bulunmaktad\u0131r. Bu \u00fcst\u00fcn standartlar ile kaliteyi birle\u015ftiren Nur Group, T\u00fcrkiye\u2019de kal\u0131c\u0131 eserler b\u0131rakmaya ve bunun i\u00e7in t\u00fcm g\u00fcc\u00fcyle \u00e7al\u0131\u015fmaya devam etmektedir. Deneyimlerimizi ve ayak izlerimizi geni\u015flettik\u00e7e, kaliteli i\u015fler \u00e7\u0131karmaya devam edece\u011fiz.<\/p>\n\n\n\n<div class=\"wp-block-columns is-layout-flex wp-container-core-columns-is-layout-28f84493 wp-block-columns-is-layout-flex\">\n<div class=\"wp-block-column is-layout-flow wp-block-column-is-layout-flow\">\n<h2 class=\"wp-block-heading\">Vizyonumuz<\/h2>\n\n\n\n<p>\u00c7al\u0131\u015fma ilkelerimiz ve prensiplerimiz nas\u0131l i\u015f yapt\u0131\u011f\u0131m\u0131z\u0131 tan\u0131mlamaktad\u0131rlar. Bu ilke ve prensipler, d\u00fc\u015f\u00fcncelerimizi, eylemlerimizi, \u00f6l\u00e7\u00fctlerimizi ve standartlar\u0131m\u0131z\u0131 belirler. Nur Group \u0130n\u015faat ve Ticaret Limited \u015eirketi olarak biz, bu prensipler sayesinde i\u015fimize ne kadar ba\u011fl\u0131 ve ne denli kararl\u0131 oldu\u011fumuzu g\u00f6sterme niyetindeyiz. Bu ba\u011flamda, in\u015faat, sanayi, tar\u0131m ve sa\u011fl\u0131k alanlar\u0131nda m\u00fc\u015fteri memnuniyetini \u00f6n planda tutarak, g\u00fcvenilirli\u011fimiz ve d\u00fcr\u00fcstl\u00fc\u011f\u00fcm\u00fcz sayesinde s\u00fcrd\u00fcr\u00fclebilir bir marka olmay\u0131 hedeflemekteyiz.<\/p>\n<\/div>\n\n\n\n<div class=\"wp-block-column is-layout-flow wp-block-column-is-layout-flow\">\n<h2 class=\"wp-block-heading\">Misyonumuz<\/h2>\n\n\n\n<p>Temel de\u011ferlerimiz davran\u0131\u015flar\u0131m\u0131z\u0131 g\u00f6stermektedir. Davran\u0131\u015flar\u0131m\u0131z is kurallar\u0131m\u0131z\u0131 olu\u015fturmaktad\u0131r. Bu ba\u011flamda, g\u00fc\u00e7l\u00fc ve ba\u011flant\u0131l\u0131 topluluklar olu\u015fturma noktas\u0131nda g\u00fcvenilir olmay\u0131, hizmet etti\u011fimiz alanlarla ve m\u00fc\u015fterilerimizle g\u00fcvenilir ili\u015fkiler kurmay\u0131, \u00e7al\u0131\u015fmalar\u0131m\u0131z\u0131 yenilik\u00e7i ad\u0131mlar\u0131m\u0131zla harmanlamay\u0131, yapt\u0131\u011f\u0131m\u0131z her i\u015fte bir ad\u0131m \u00f6nde olmay\u0131, a\u00e7\u0131k ve \u015feffaf bir \u015fekilde \u00e7al\u0131\u015fmalar\u0131m\u0131z\u0131 y\u00fcr\u00fctmeyi hedeflemekteyiz.<\/p>\n<\/div>\n<\/div>","protected":false},"excerpt":{"rendered":"<p>Hakk\u0131m\u0131zda Nur Group \u0130n\u015faat ve Ticaret Limited \u015eirketi, 1993 y\u0131l\u0131nda kurulmu\u015ftur. \u015eirketimiz, d\u00fcnyan\u0131n bir\u00e7ok yerinden farkl\u0131 sekt\u00f6r ve alanlarda yar\u0131m as\u0131rdan fazla s\u00fcre deneyime sahiptir. Nur Group \u0130n\u015faat ve Ticaret \u015eirketi olarak biz, in\u015faat, sanayi, tar\u0131m ve sa\u011fl\u0131k alanlar\u0131nda faaliyet g\u00f6stermekteyiz. \u015eirketimiz benimsemi\u015f oldu\u011fu \u2018Hayallerinizin Ger\u00e7e\u011fe D\u00f6n\u00fc\u015ft\u00fc\u011f\u00fc Yer\u2019 slogan\u0131 ile b\u00fcnyesinde bar\u0131nd\u0131rd\u0131\u011f\u0131 alanlarda en iyi [&hellip;]<\/p>\n","protected":false},"author":6,"featured_media":0,"parent":0,"menu_order":0,"comment_status":"closed","ping_status":"closed","template":"","meta":{"footnotes":""},"class_list":["post-6540","page","type-page","status-publish","hentry"],"_links":{"self":[{"href":"https:\/\/nurgrouptr.com\/fa\/wp-json\/wp\/v2\/pages\/6540","targetHints":{"allow":["GET"]}}],"collection":[{"href":"https:\/\/nurgrouptr.com\/fa\/wp-json\/wp\/v2\/pages"}],"about":[{"href":"https:\/\/nurgrouptr.com\/fa\/wp-json\/wp\/v2\/types\/page"}],"author":[{"embeddable":true,"href":"https:\/\/nurgrouptr.com\/fa\/wp-json\/wp\/v2\/users\/6"}],"replies":[{"embeddable":true,"href":"https:\/\/nurgrouptr.com\/fa\/wp-json\/wp\/v2\/comments?post=6540"}],"version-history":[{"count":2,"href":"https:\/\/nurgrouptr.com\/fa\/wp-json\/wp\/v2\/pages\/6540\/revisions"}],"predecessor-version":[{"id":6565,"href":"https:\/\/nurgrouptr.com\/fa\/wp-json\/wp\/v2\/pages\/6540\/revisions\/6565"}],"wp:attachment":[{"href":"https:\/\/nurgrouptr.com\/fa\/wp-json\/wp\/v2\/media?parent=6540"}],"curies":[{"name":"wp","href":"https:\/\/api.w.org\/{rel}","templated":true}]}}