{"id":6504,"date":"2022-08-09T13:13:03","date_gmt":"2022-08-09T13:13:03","guid":{"rendered":"https:\/\/nurgrouptr.com\/?page_id=6504"},"modified":"2022-08-11T09:24:05","modified_gmt":"2022-08-11T09:24:05","slug":"nurhak-vadi-projesi","status":"publish","type":"page","link":"https:\/\/nurgrouptr.com\/nurhak-vadi-projesi\/","title":{"rendered":"Nurhak Vadi Projesi"},"content":{"rendered":"<h2 class=\"wp-block-heading\">Nurhak Vadi Projesi<\/h2>\n\n\n\n<p>Nur Group, teknik ve deneyim aras\u0131nda yeni k\u00f6pr\u00fcler kurarak taze ve duyulara hitap eden bir mimariye do\u011fru h\u0131z kazanmaktad\u0131r. Nur Hak Vadi projesi ile birlikte, bi\u00e7im, malzeme, mekan, yer ve anlat\u0131 aras\u0131nda \u015fiirsel bir denge sa\u011flanm\u0131\u015ft\u0131r. Projede Nur Group ve Hak Group olarak birlikte \u00e7al\u0131\u015fma y\u00fcr\u00fctmekteyiz. \u00d6te yandan, deneyim d\u00fczeyinin ve kullan\u0131c\u0131 gereksinimlerinin \u00f6n planda tutuldu\u011fu Nur Hak Vadi projesi, 11 bloktan olu\u015fan, 110 adet daireyi, 13 adet villay\u0131, ve 6 adet ticari b\u00f6l\u00fcm\u00fc b\u00fcnyesinde bar\u0131nd\u0131rmaktad\u0131r.<\/p>\n\n\n\n<div class=\"wp-block-columns is-layout-flex wp-container-core-columns-is-layout-28f84493 wp-block-columns-is-layout-flex\">\n<div class=\"wp-block-column is-layout-flow wp-block-column-is-layout-flow\">\n<figure class=\"wp-block-image size-full\"><img fetchpriority=\"high\" decoding=\"async\" width=\"646\" height=\"120\" src=\"https:\/\/nurgrouptr.com\/wp-content\/uploads\/2022\/08\/logo_s.png\" alt=\"\" class=\"wp-image-6468\" srcset=\"https:\/\/nurgrouptr.com\/wp-content\/uploads\/2022\/08\/logo_s.png 646w, https:\/\/nurgrouptr.com\/wp-content\/uploads\/2022\/08\/logo_s-300x56.png 300w, https:\/\/nurgrouptr.com\/wp-content\/uploads\/2022\/08\/logo_s-450x84.png 450w, https:\/\/nurgrouptr.com\/wp-content\/uploads\/2022\/08\/logo_s-595x111.png 595w, https:\/\/nurgrouptr.com\/wp-content\/uploads\/2022\/08\/logo_s-600x111.png 600w\" sizes=\"(max-width: 646px) 100vw, 646px\" \/><\/figure>\n<\/div>\n\n\n\n<div class=\"wp-block-column is-layout-flow wp-block-column-is-layout-flow\">\n<figure class=\"wp-block-image size-full\"><img decoding=\"async\" width=\"784\" height=\"206\" src=\"https:\/\/nurgrouptr.com\/wp-content\/uploads\/2022\/08\/Artboard-1-2.png\" alt=\"\" class=\"wp-image-6559\" srcset=\"https:\/\/nurgrouptr.com\/wp-content\/uploads\/2022\/08\/Artboard-1-2.png 784w, https:\/\/nurgrouptr.com\/wp-content\/uploads\/2022\/08\/Artboard-1-2-300x79.png 300w, https:\/\/nurgrouptr.com\/wp-content\/uploads\/2022\/08\/Artboard-1-2-768x202.png 768w, https:\/\/nurgrouptr.com\/wp-content\/uploads\/2022\/08\/Artboard-1-2-450x118.png 450w, https:\/\/nurgrouptr.com\/wp-content\/uploads\/2022\/08\/Artboard-1-2-595x156.png 595w, https:\/\/nurgrouptr.com\/wp-content\/uploads\/2022\/08\/Artboard-1-2-600x158.png 600w\" sizes=\"(max-width: 784px) 100vw, 784px\" \/><\/figure>\n<\/div>\n<\/div>\n\n\n\n<div class=\"wp-block-columns is-layout-flex wp-container-core-columns-is-layout-28f84493 wp-block-columns-is-layout-flex\">\n<div class=\"wp-block-column is-layout-flow wp-block-column-is-layout-flow\" style=\"flex-basis:100%\">\n<figure class=\"wp-block-gallery has-nested-images columns-1 is-cropped wp-block-gallery-1 is-layout-flex wp-block-gallery-is-layout-flex\">\n<figure class=\"wp-block-image size-large\"><img decoding=\"async\" width=\"6080\" height=\"2576\" data-id=\"6501\" src=\"https:\/\/nurgrouptr.com\/wp-content\/uploads\/2022\/08\/02-2.png\" alt=\"\" class=\"wp-image-6501\" srcset=\"https:\/\/nurgrouptr.com\/wp-content\/uploads\/2022\/08\/02-2.png 6080w, https:\/\/nurgrouptr.com\/wp-content\/uploads\/2022\/08\/02-2-300x127.png 300w, https:\/\/nurgrouptr.com\/wp-content\/uploads\/2022\/08\/02-2-1024x434.png 1024w, https:\/\/nurgrouptr.com\/wp-content\/uploads\/2022\/08\/02-2-768x325.png 768w, https:\/\/nurgrouptr.com\/wp-content\/uploads\/2022\/08\/02-2-1536x651.png 1536w, https:\/\/nurgrouptr.com\/wp-content\/uploads\/2022\/08\/02-2-2048x868.png 2048w, https:\/\/nurgrouptr.com\/wp-content\/uploads\/2022\/08\/02-2-450x191.png 450w, https:\/\/nurgrouptr.com\/wp-content\/uploads\/2022\/08\/02-2-595x252.png 595w, https:\/\/nurgrouptr.com\/wp-content\/uploads\/2022\/08\/02-2-600x254.png 600w\" sizes=\"(max-width: 6080px) 100vw, 6080px\" \/><\/figure>\n\n\n\n<figure class=\"wp-block-image size-large\"><img loading=\"lazy\" decoding=\"async\" width=\"3517\" height=\"2176\" data-id=\"6500\" src=\"https:\/\/nurgrouptr.com\/wp-content\/uploads\/2022\/08\/03-2.png\" alt=\"\" class=\"wp-image-6500\" srcset=\"https:\/\/nurgrouptr.com\/wp-content\/uploads\/2022\/08\/03-2.png 3517w, https:\/\/nurgrouptr.com\/wp-content\/uploads\/2022\/08\/03-2-300x186.png 300w, https:\/\/nurgrouptr.com\/wp-content\/uploads\/2022\/08\/03-2-1024x634.png 1024w, https:\/\/nurgrouptr.com\/wp-content\/uploads\/2022\/08\/03-2-768x475.png 768w, https:\/\/nurgrouptr.com\/wp-content\/uploads\/2022\/08\/03-2-1536x950.png 1536w, https:\/\/nurgrouptr.com\/wp-content\/uploads\/2022\/08\/03-2-2048x1267.png 2048w, https:\/\/nurgrouptr.com\/wp-content\/uploads\/2022\/08\/03-2-450x278.png 450w, https:\/\/nurgrouptr.com\/wp-content\/uploads\/2022\/08\/03-2-595x368.png 595w, https:\/\/nurgrouptr.com\/wp-content\/uploads\/2022\/08\/03-2-600x371.png 600w\" sizes=\"(max-width: 3517px) 100vw, 3517px\" \/><\/figure>\n\n\n\n<figure class=\"wp-block-image size-large\"><img loading=\"lazy\" decoding=\"async\" width=\"4639\" height=\"2344\" data-id=\"6499\" src=\"https:\/\/nurgrouptr.com\/wp-content\/uploads\/2022\/08\/04-2.png\" alt=\"\" class=\"wp-image-6499\" srcset=\"https:\/\/nurgrouptr.com\/wp-content\/uploads\/2022\/08\/04-2.png 4639w, https:\/\/nurgrouptr.com\/wp-content\/uploads\/2022\/08\/04-2-300x152.png 300w, https:\/\/nurgrouptr.com\/wp-content\/uploads\/2022\/08\/04-2-1024x517.png 1024w, https:\/\/nurgrouptr.com\/wp-content\/uploads\/2022\/08\/04-2-768x388.png 768w, https:\/\/nurgrouptr.com\/wp-content\/uploads\/2022\/08\/04-2-1536x776.png 1536w, https:\/\/nurgrouptr.com\/wp-content\/uploads\/2022\/08\/04-2-2048x1035.png 2048w, https:\/\/nurgrouptr.com\/wp-content\/uploads\/2022\/08\/04-2-450x227.png 450w, https:\/\/nurgrouptr.com\/wp-content\/uploads\/2022\/08\/04-2-595x301.png 595w, https:\/\/nurgrouptr.com\/wp-content\/uploads\/2022\/08\/04-2-600x303.png 600w\" sizes=\"(max-width: 4639px) 100vw, 4639px\" \/><\/figure>\n\n\n\n<figure class=\"wp-block-image size-large\"><img loading=\"lazy\" decoding=\"async\" width=\"3305\" height=\"2195\" data-id=\"6496\" src=\"https:\/\/nurgrouptr.com\/wp-content\/uploads\/2022\/08\/05-1.png\" alt=\"\" class=\"wp-image-6496\" srcset=\"https:\/\/nurgrouptr.com\/wp-content\/uploads\/2022\/08\/05-1.png 3305w, https:\/\/nurgrouptr.com\/wp-content\/uploads\/2022\/08\/05-1-300x199.png 300w, https:\/\/nurgrouptr.com\/wp-content\/uploads\/2022\/08\/05-1-1024x680.png 1024w, https:\/\/nurgrouptr.com\/wp-content\/uploads\/2022\/08\/05-1-768x510.png 768w, https:\/\/nurgrouptr.com\/wp-content\/uploads\/2022\/08\/05-1-1536x1020.png 1536w, https:\/\/nurgrouptr.com\/wp-content\/uploads\/2022\/08\/05-1-2048x1360.png 2048w, https:\/\/nurgrouptr.com\/wp-content\/uploads\/2022\/08\/05-1-450x299.png 450w, https:\/\/nurgrouptr.com\/wp-content\/uploads\/2022\/08\/05-1-595x395.png 595w, https:\/\/nurgrouptr.com\/wp-content\/uploads\/2022\/08\/05-1-600x398.png 600w\" sizes=\"(max-width: 3305px) 100vw, 3305px\" \/><\/figure>\n\n\n\n<figure class=\"wp-block-image size-large\"><img loading=\"lazy\" decoding=\"async\" width=\"4181\" height=\"2434\" data-id=\"6495\" src=\"https:\/\/nurgrouptr.com\/wp-content\/uploads\/2022\/08\/06-1.png\" alt=\"\" class=\"wp-image-6495\" srcset=\"https:\/\/nurgrouptr.com\/wp-content\/uploads\/2022\/08\/06-1.png 4181w, https:\/\/nurgrouptr.com\/wp-content\/uploads\/2022\/08\/06-1-300x175.png 300w, https:\/\/nurgrouptr.com\/wp-content\/uploads\/2022\/08\/06-1-1024x596.png 1024w, https:\/\/nurgrouptr.com\/wp-content\/uploads\/2022\/08\/06-1-768x447.png 768w, https:\/\/nurgrouptr.com\/wp-content\/uploads\/2022\/08\/06-1-1536x894.png 1536w, https:\/\/nurgrouptr.com\/wp-content\/uploads\/2022\/08\/06-1-2048x1192.png 2048w, https:\/\/nurgrouptr.com\/wp-content\/uploads\/2022\/08\/06-1-450x262.png 450w, https:\/\/nurgrouptr.com\/wp-content\/uploads\/2022\/08\/06-1-595x346.png 595w, https:\/\/nurgrouptr.com\/wp-content\/uploads\/2022\/08\/06-1-600x349.png 600w\" sizes=\"(max-width: 4181px) 100vw, 4181px\" \/><\/figure>\n\n\n\n<figure class=\"wp-block-image size-large\"><img loading=\"lazy\" decoding=\"async\" width=\"5313\" height=\"2665\" data-id=\"6488\" src=\"https:\/\/nurgrouptr.com\/wp-content\/uploads\/2022\/08\/01.png\" alt=\"\" class=\"wp-image-6488\" srcset=\"https:\/\/nurgrouptr.com\/wp-content\/uploads\/2022\/08\/01.png 5313w, https:\/\/nurgrouptr.com\/wp-content\/uploads\/2022\/08\/01-300x150.png 300w, https:\/\/nurgrouptr.com\/wp-content\/uploads\/2022\/08\/01-1024x514.png 1024w, https:\/\/nurgrouptr.com\/wp-content\/uploads\/2022\/08\/01-768x385.png 768w, https:\/\/nurgrouptr.com\/wp-content\/uploads\/2022\/08\/01-1536x770.png 1536w, https:\/\/nurgrouptr.com\/wp-content\/uploads\/2022\/08\/01-2048x1027.png 2048w, https:\/\/nurgrouptr.com\/wp-content\/uploads\/2022\/08\/01-450x226.png 450w, https:\/\/nurgrouptr.com\/wp-content\/uploads\/2022\/08\/01-595x298.png 595w, https:\/\/nurgrouptr.com\/wp-content\/uploads\/2022\/08\/01-600x301.png 600w\" sizes=\"(max-width: 5313px) 100vw, 5313px\" \/><\/figure>\n\n\n\n<figure class=\"wp-block-image size-large\"><img loading=\"lazy\" decoding=\"async\" width=\"1024\" height=\"825\" data-id=\"6545\" src=\"https:\/\/nurgrouptr.com\/wp-content\/uploads\/2022\/08\/Vaziyet-Plani-1024x825.png\" alt=\"\" class=\"wp-image-6545\" srcset=\"https:\/\/nurgrouptr.com\/wp-content\/uploads\/2022\/08\/Vaziyet-Plani-1024x825.png 1024w, https:\/\/nurgrouptr.com\/wp-content\/uploads\/2022\/08\/Vaziyet-Plani-300x242.png 300w, https:\/\/nurgrouptr.com\/wp-content\/uploads\/2022\/08\/Vaziyet-Plani-768x619.png 768w, https:\/\/nurgrouptr.com\/wp-content\/uploads\/2022\/08\/Vaziyet-Plani-1536x1238.png 1536w, https:\/\/nurgrouptr.com\/wp-content\/uploads\/2022\/08\/Vaziyet-Plani-2048x1650.png 2048w, https:\/\/nurgrouptr.com\/wp-content\/uploads\/2022\/08\/Vaziyet-Plani-450x363.png 450w, https:\/\/nurgrouptr.com\/wp-content\/uploads\/2022\/08\/Vaziyet-Plani-595x479.png 595w, https:\/\/nurgrouptr.com\/wp-content\/uploads\/2022\/08\/Vaziyet-Plani-600x483.png 600w\" sizes=\"(max-width: 1024px) 100vw, 1024px\" \/><\/figure>\n<\/figure>\n<\/div>\n<\/div>","protected":false},"excerpt":{"rendered":"<p>Nurhak Vadi Projesi Nur Group, teknik ve deneyim aras\u0131nda yeni k\u00f6pr\u00fcler kurarak taze ve duyulara hitap eden bir mimariye do\u011fru h\u0131z kazanmaktad\u0131r. Nur Hak Vadi projesi ile birlikte, bi\u00e7im, malzeme, mekan, yer ve anlat\u0131 aras\u0131nda \u015fiirsel bir denge sa\u011flanm\u0131\u015ft\u0131r. Projede Nur Group ve Hak Group olarak birlikte \u00e7al\u0131\u015fma y\u00fcr\u00fctmekteyiz. \u00d6te yandan, deneyim d\u00fczeyinin ve kullan\u0131c\u0131 [&hellip;]<\/p>\n","protected":false},"author":6,"featured_media":0,"parent":0,"menu_order":0,"comment_status":"closed","ping_status":"closed","template":"","meta":{"footnotes":""},"class_list":["post-6504","page","type-page","status-publish","hentry"],"_links":{"self":[{"href":"https:\/\/nurgrouptr.com\/en\/wp-json\/wp\/v2\/pages\/6504","targetHints":{"allow":["GET"]}}],"collection":[{"href":"https:\/\/nurgrouptr.com\/en\/wp-json\/wp\/v2\/pages"}],"about":[{"href":"https:\/\/nurgrouptr.com\/en\/wp-json\/wp\/v2\/types\/page"}],"author":[{"embeddable":true,"href":"https:\/\/nurgrouptr.com\/en\/wp-json\/wp\/v2\/users\/6"}],"replies":[{"embeddable":true,"href":"https:\/\/nurgrouptr.com\/en\/wp-json\/wp\/v2\/comments?post=6504"}],"version-history":[{"count":5,"href":"https:\/\/nurgrouptr.com\/en\/wp-json\/wp\/v2\/pages\/6504\/revisions"}],"predecessor-version":[{"id":6560,"href":"https:\/\/nurgrouptr.com\/en\/wp-json\/wp\/v2\/pages\/6504\/revisions\/6560"}],"wp:attachment":[{"href":"https:\/\/nurgrouptr.com\/en\/wp-json\/wp\/v2\/media?parent=6504"}],"curies":[{"name":"wp","href":"https:\/\/api.w.org\/{rel}","templated":true}]}}