{"id":6414,"date":"2022-08-07T10:38:18","date_gmt":"2022-08-07T10:38:18","guid":{"rendered":"https:\/\/nurgrouptr.com\/?page_id=6414"},"modified":"2022-08-07T10:38:19","modified_gmt":"2022-08-07T10:38:19","slug":"tarim","status":"publish","type":"page","link":"https:\/\/nurgrouptr.com\/tarim\/","title":{"rendered":"Tar\u0131m"},"content":{"rendered":"<figure class=\"wp-block-image aligncenter size-full is-resized\"><img fetchpriority=\"high\" decoding=\"async\" src=\"https:\/\/nurgrouptr.com\/wp-content\/uploads\/2020\/01\/Noor-Group-Logo.png\" alt=\"\" class=\"wp-image-5869\" width=\"328\" height=\"163\" srcset=\"https:\/\/nurgrouptr.com\/wp-content\/uploads\/2020\/01\/Noor-Group-Logo.png 862w, https:\/\/nurgrouptr.com\/wp-content\/uploads\/2020\/01\/Noor-Group-Logo-600x299.png 600w, https:\/\/nurgrouptr.com\/wp-content\/uploads\/2020\/01\/Noor-Group-Logo-300x149.png 300w, https:\/\/nurgrouptr.com\/wp-content\/uploads\/2020\/01\/Noor-Group-Logo-768x382.png 768w\" sizes=\"(max-width: 328px) 100vw, 328px\" \/><\/figure>\n\n\n\n<h2 class=\"wp-block-heading\">Tar\u0131m<\/h2>\n\n\n\n<p>Noor Acro Group (NAG), Afganistan Yat\u0131r\u0131m Destek Ajans\u0131\u2019na kay\u0131tl\u0131 olan bir Afgan Kar \u015eirketidir. Noor Acro Group, 20 y\u0131l\u0131 a\u015fk\u0131n s\u00fcredir olan deneyimini proje bazl\u0131 olarak tar\u0131ma aktarm\u0131\u015ft\u0131r. NAG, y\u00fcksek kaliteli tasar\u0131msal girdiler sa\u011flayarak tar\u0131m sekt\u00f6r\u00fcn\u00fcn geli\u015fiminde son derece \u00f6nemli bir rol oynamaktad\u0131r. Tar\u0131m alan\u0131nda NAG\u2019\u0131n vermekte oldu\u011fu hizmetler aras\u0131nda sertifikal\u0131 tohum ve g\u00fcbre temini, trakt\u00f6r ve veteriner ekipmanlar\u0131 dahil olmak \u00fczere tar\u0131m makinalar\u0131n\u0131n temini, tar\u0131msal girdilerin teslimi ve da\u011f\u0131t\u0131m\u0131, \u00e7ift\u00e7ilere yeni \u00fcr\u00fcnler konusunda e\u011fitim ve oryantasyon etkinli\u011finin d\u00fczenlenmesi, tar\u0131m sekt\u00f6r\u00fc odakl\u0131 proje uygulamas\u0131 yer almaktad\u0131r.<\/p>","protected":false},"excerpt":{"rendered":"<p>Tar\u0131m Noor Acro Group (NAG), Afganistan Yat\u0131r\u0131m Destek Ajans\u0131\u2019na kay\u0131tl\u0131 olan bir Afgan Kar \u015eirketidir. Noor Acro Group, 20 y\u0131l\u0131 a\u015fk\u0131n s\u00fcredir olan deneyimini proje bazl\u0131 olarak tar\u0131ma aktarm\u0131\u015ft\u0131r. NAG, y\u00fcksek kaliteli tasar\u0131msal girdiler sa\u011flayarak tar\u0131m sekt\u00f6r\u00fcn\u00fcn geli\u015fiminde son derece \u00f6nemli bir rol oynamaktad\u0131r. Tar\u0131m alan\u0131nda NAG\u2019\u0131n vermekte oldu\u011fu hizmetler aras\u0131nda sertifikal\u0131 tohum ve g\u00fcbre [&hellip;]<\/p>\n","protected":false},"author":6,"featured_media":0,"parent":0,"menu_order":0,"comment_status":"closed","ping_status":"closed","template":"","meta":{"footnotes":""},"class_list":["post-6414","page","type-page","status-publish","hentry"],"_links":{"self":[{"href":"https:\/\/nurgrouptr.com\/en\/wp-json\/wp\/v2\/pages\/6414","targetHints":{"allow":["GET"]}}],"collection":[{"href":"https:\/\/nurgrouptr.com\/en\/wp-json\/wp\/v2\/pages"}],"about":[{"href":"https:\/\/nurgrouptr.com\/en\/wp-json\/wp\/v2\/types\/page"}],"author":[{"embeddable":true,"href":"https:\/\/nurgrouptr.com\/en\/wp-json\/wp\/v2\/users\/6"}],"replies":[{"embeddable":true,"href":"https:\/\/nurgrouptr.com\/en\/wp-json\/wp\/v2\/comments?post=6414"}],"version-history":[{"count":1,"href":"https:\/\/nurgrouptr.com\/en\/wp-json\/wp\/v2\/pages\/6414\/revisions"}],"predecessor-version":[{"id":6415,"href":"https:\/\/nurgrouptr.com\/en\/wp-json\/wp\/v2\/pages\/6414\/revisions\/6415"}],"wp:attachment":[{"href":"https:\/\/nurgrouptr.com\/en\/wp-json\/wp\/v2\/media?parent=6414"}],"curies":[{"name":"wp","href":"https:\/\/api.w.org\/{rel}","templated":true}]}}