{"id":6439,"date":"2022-08-07T17:09:14","date_gmt":"2022-08-07T17:09:14","guid":{"rendered":"https:\/\/nurgrouptr.com\/?page_id=6439"},"modified":"2022-08-07T17:09:15","modified_gmt":"2022-08-07T17:09:15","slug":"insaat-4","status":"publish","type":"page","link":"https:\/\/nurgrouptr.com\/ar\/insaat-4\/","title":{"rendered":"\u0130n\u015faat"},"content":{"rendered":"<p>Hastanenin in\u015faat\u0131na 2014 y\u0131l\u0131nda ba\u015flanm\u0131\u015f ve 2016 y\u0131l\u0131 bahar aylar\u0131nda tamamlanm\u0131\u015ft\u0131r.<\/p>\n\n\n\n<h6 class=\"wp-block-heading\">Herat \u015fehrinde Shahid Sadegh Bulvar\u0131 (64 metre)<\/h6>\n\n\n\n<h6 class=\"wp-block-heading\">Shahid Sadegh 30 ve Mehri, Mehri 23 yer almaktad\u0131r.<\/h6>\n\n\n\n<div class=\"wp-block-group is-style-customboxshadowhover is-layout-flow wp-block-group-is-layout-flow\">\n<div class=\"wp-block-columns is-layout-flex wp-container-core-columns-is-layout-28f84493 wp-block-columns-is-layout-flex\">\n<div class=\"wp-block-column is-layout-flow wp-block-column-is-layout-flow\" style=\"flex-basis:100%\">\n<figure class=\"wp-block-gallery has-nested-images columns-2 is-cropped wp-block-gallery-1 is-layout-flex wp-block-gallery-is-layout-flex\">\n<figure class=\"wp-block-image size-full\"><img fetchpriority=\"high\" decoding=\"async\" width=\"2538\" height=\"1177\" data-id=\"5745\" src=\"https:\/\/nurgrouptr.com\/wp-content\/uploads\/2020\/01\/safa-mh.jpg\" alt=\"\" class=\"wp-image-5745\" srcset=\"https:\/\/nurgrouptr.com\/wp-content\/uploads\/2020\/01\/safa-mh.jpg 2538w, https:\/\/nurgrouptr.com\/wp-content\/uploads\/2020\/01\/safa-mh-600x278.jpg 600w, https:\/\/nurgrouptr.com\/wp-content\/uploads\/2020\/01\/safa-mh-300x139.jpg 300w, https:\/\/nurgrouptr.com\/wp-content\/uploads\/2020\/01\/safa-mh-1024x475.jpg 1024w, https:\/\/nurgrouptr.com\/wp-content\/uploads\/2020\/01\/safa-mh-768x356.jpg 768w, https:\/\/nurgrouptr.com\/wp-content\/uploads\/2020\/01\/safa-mh-1536x712.jpg 1536w, https:\/\/nurgrouptr.com\/wp-content\/uploads\/2020\/01\/safa-mh-2048x950.jpg 2048w\" sizes=\"(max-width: 2538px) 100vw, 2538px\" \/><\/figure>\n\n\n\n<figure class=\"wp-block-image size-full\"><img decoding=\"async\" width=\"500\" height=\"300\" data-id=\"6246\" src=\"https:\/\/nurgrouptr.com\/wp-content\/uploads\/2021\/11\/IMG_9786-1.jpg\" alt=\"\" class=\"wp-image-6246\" srcset=\"https:\/\/nurgrouptr.com\/wp-content\/uploads\/2021\/11\/IMG_9786-1.jpg 500w, https:\/\/nurgrouptr.com\/wp-content\/uploads\/2021\/11\/IMG_9786-1-350x210.jpg 350w, https:\/\/nurgrouptr.com\/wp-content\/uploads\/2021\/11\/IMG_9786-1-300x180.jpg 300w, https:\/\/nurgrouptr.com\/wp-content\/uploads\/2021\/11\/IMG_9786-1-450x270.jpg 450w\" sizes=\"(max-width: 500px) 100vw, 500px\" \/><\/figure>\n\n\n\n<figure class=\"wp-block-image size-full\"><img decoding=\"async\" width=\"615\" height=\"380\" data-id=\"6247\" src=\"https:\/\/nurgrouptr.com\/wp-content\/uploads\/2021\/11\/Mehraban_Hospital.jpg\" alt=\"\" class=\"wp-image-6247\" srcset=\"https:\/\/nurgrouptr.com\/wp-content\/uploads\/2021\/11\/Mehraban_Hospital.jpg 615w, https:\/\/nurgrouptr.com\/wp-content\/uploads\/2021\/11\/Mehraban_Hospital-600x371.jpg 600w, https:\/\/nurgrouptr.com\/wp-content\/uploads\/2021\/11\/Mehraban_Hospital-300x185.jpg 300w, https:\/\/nurgrouptr.com\/wp-content\/uploads\/2021\/11\/Mehraban_Hospital-450x278.jpg 450w, https:\/\/nurgrouptr.com\/wp-content\/uploads\/2021\/11\/Mehraban_Hospital-595x368.jpg 595w\" sizes=\"(max-width: 615px) 100vw, 615px\" \/><\/figure>\n<\/figure>\n<\/div>\n<\/div>\n<\/div>","protected":false},"excerpt":{"rendered":"<p>Hastanenin in\u015faat\u0131na 2014 y\u0131l\u0131nda ba\u015flanm\u0131\u015f ve 2016 y\u0131l\u0131 bahar aylar\u0131nda tamamlanm\u0131\u015ft\u0131r. Herat \u015fehrinde Shahid Sadegh Bulvar\u0131 (64 metre) Shahid Sadegh 30 ve Mehri, Mehri 23 yer almaktad\u0131r.<\/p>","protected":false},"author":6,"featured_media":0,"parent":0,"menu_order":0,"comment_status":"closed","ping_status":"closed","template":"","meta":{"footnotes":""},"class_list":["post-6439","page","type-page","status-publish","hentry"],"_links":{"self":[{"href":"https:\/\/nurgrouptr.com\/ar\/wp-json\/wp\/v2\/pages\/6439","targetHints":{"allow":["GET"]}}],"collection":[{"href":"https:\/\/nurgrouptr.com\/ar\/wp-json\/wp\/v2\/pages"}],"about":[{"href":"https:\/\/nurgrouptr.com\/ar\/wp-json\/wp\/v2\/types\/page"}],"author":[{"embeddable":true,"href":"https:\/\/nurgrouptr.com\/ar\/wp-json\/wp\/v2\/users\/6"}],"replies":[{"embeddable":true,"href":"https:\/\/nurgrouptr.com\/ar\/wp-json\/wp\/v2\/comments?post=6439"}],"version-history":[{"count":1,"href":"https:\/\/nurgrouptr.com\/ar\/wp-json\/wp\/v2\/pages\/6439\/revisions"}],"predecessor-version":[{"id":6440,"href":"https:\/\/nurgrouptr.com\/ar\/wp-json\/wp\/v2\/pages\/6439\/revisions\/6440"}],"wp:attachment":[{"href":"https:\/\/nurgrouptr.com\/ar\/wp-json\/wp\/v2\/media?parent=6439"}],"curies":[{"name":"wp","href":"https:\/\/api.w.org\/{rel}","templated":true}]}}