{"id":6423,"date":"2022-08-07T16:53:33","date_gmt":"2022-08-07T16:53:33","guid":{"rendered":"https:\/\/nurgrouptr.com\/?page_id=6423"},"modified":"2022-08-09T13:11:20","modified_gmt":"2022-08-09T13:11:20","slug":"insaat-2","status":"publish","type":"page","link":"https:\/\/nurgrouptr.com\/ar\/insaat-2\/","title":{"rendered":""},"content":{"rendered":"<h2 class=\"wp-block-heading\">Meydan Ba\u015fak\u015fehir Projesi<br><\/h2>\n\n\n\n<figure class=\"wp-block-image size-large is-resized\"><img fetchpriority=\"high\" decoding=\"async\" src=\"https:\/\/nurgrouptr.com\/wp-content\/uploads\/2022\/08\/Emlak_tok-1024x524.png\" alt=\"\" class=\"wp-image-6466\" width=\"1141\" height=\"584\" srcset=\"https:\/\/nurgrouptr.com\/wp-content\/uploads\/2022\/08\/Emlak_tok-1024x524.png 1024w, https:\/\/nurgrouptr.com\/wp-content\/uploads\/2022\/08\/Emlak_tok-300x154.png 300w, https:\/\/nurgrouptr.com\/wp-content\/uploads\/2022\/08\/Emlak_tok-768x393.png 768w, https:\/\/nurgrouptr.com\/wp-content\/uploads\/2022\/08\/Emlak_tok-1536x786.png 1536w, https:\/\/nurgrouptr.com\/wp-content\/uploads\/2022\/08\/Emlak_tok-450x230.png 450w, https:\/\/nurgrouptr.com\/wp-content\/uploads\/2022\/08\/Emlak_tok-595x305.png 595w, https:\/\/nurgrouptr.com\/wp-content\/uploads\/2022\/08\/Emlak_tok-600x307.png 600w, https:\/\/nurgrouptr.com\/wp-content\/uploads\/2022\/08\/Emlak_tok.png 1600w\" sizes=\"(max-width: 1141px) 100vw, 1141px\" \/><\/figure>\n\n\n\n<figure class=\"wp-block-image size-large\"><img decoding=\"async\" width=\"1600\" height=\"900\" src=\"https:\/\/nurgrouptr.com\/wp-content\/uploads\/2022\/06\/meydan9.jpeg\" alt=\"\" class=\"wp-image-6296\" srcset=\"https:\/\/nurgrouptr.com\/wp-content\/uploads\/2022\/06\/meydan9.jpeg 1600w, https:\/\/nurgrouptr.com\/wp-content\/uploads\/2022\/06\/meydan9-600x338.jpeg 600w, https:\/\/nurgrouptr.com\/wp-content\/uploads\/2022\/06\/meydan9-300x169.jpeg 300w, https:\/\/nurgrouptr.com\/wp-content\/uploads\/2022\/06\/meydan9-1024x576.jpeg 1024w, https:\/\/nurgrouptr.com\/wp-content\/uploads\/2022\/06\/meydan9-768x432.jpeg 768w, https:\/\/nurgrouptr.com\/wp-content\/uploads\/2022\/06\/meydan9-1536x864.jpeg 1536w, https:\/\/nurgrouptr.com\/wp-content\/uploads\/2022\/06\/meydan9-450x253.jpeg 450w, https:\/\/nurgrouptr.com\/wp-content\/uploads\/2022\/06\/meydan9-595x335.jpeg 595w\" sizes=\"(max-width: 1600px) 100vw, 1600px\" \/><\/figure>\n\n\n\n<figure class=\"wp-block-image size-large\"><img decoding=\"async\" width=\"1600\" height=\"900\" src=\"https:\/\/nurgrouptr.com\/wp-content\/uploads\/2022\/06\/meydan8.jpeg\" alt=\"\" class=\"wp-image-6295\" srcset=\"https:\/\/nurgrouptr.com\/wp-content\/uploads\/2022\/06\/meydan8.jpeg 1600w, https:\/\/nurgrouptr.com\/wp-content\/uploads\/2022\/06\/meydan8-600x338.jpeg 600w, https:\/\/nurgrouptr.com\/wp-content\/uploads\/2022\/06\/meydan8-300x169.jpeg 300w, https:\/\/nurgrouptr.com\/wp-content\/uploads\/2022\/06\/meydan8-1024x576.jpeg 1024w, https:\/\/nurgrouptr.com\/wp-content\/uploads\/2022\/06\/meydan8-768x432.jpeg 768w, https:\/\/nurgrouptr.com\/wp-content\/uploads\/2022\/06\/meydan8-1536x864.jpeg 1536w, https:\/\/nurgrouptr.com\/wp-content\/uploads\/2022\/06\/meydan8-450x253.jpeg 450w, https:\/\/nurgrouptr.com\/wp-content\/uploads\/2022\/06\/meydan8-595x335.jpeg 595w\" sizes=\"(max-width: 1600px) 100vw, 1600px\" \/><\/figure>\n\n\n\n<figure class=\"wp-block-image size-large\"><img loading=\"lazy\" decoding=\"async\" width=\"1600\" height=\"899\" src=\"https:\/\/nurgrouptr.com\/wp-content\/uploads\/2022\/06\/meydan7.jpeg\" alt=\"\" class=\"wp-image-6294\" srcset=\"https:\/\/nurgrouptr.com\/wp-content\/uploads\/2022\/06\/meydan7.jpeg 1600w, https:\/\/nurgrouptr.com\/wp-content\/uploads\/2022\/06\/meydan7-600x337.jpeg 600w, https:\/\/nurgrouptr.com\/wp-content\/uploads\/2022\/06\/meydan7-300x169.jpeg 300w, https:\/\/nurgrouptr.com\/wp-content\/uploads\/2022\/06\/meydan7-1024x575.jpeg 1024w, https:\/\/nurgrouptr.com\/wp-content\/uploads\/2022\/06\/meydan7-768x432.jpeg 768w, https:\/\/nurgrouptr.com\/wp-content\/uploads\/2022\/06\/meydan7-1536x863.jpeg 1536w, https:\/\/nurgrouptr.com\/wp-content\/uploads\/2022\/06\/meydan7-450x253.jpeg 450w, https:\/\/nurgrouptr.com\/wp-content\/uploads\/2022\/06\/meydan7-595x334.jpeg 595w\" sizes=\"(max-width: 1600px) 100vw, 1600px\" \/><\/figure>\n\n\n\n<figure class=\"wp-block-image size-large\"><img loading=\"lazy\" decoding=\"async\" width=\"1600\" height=\"901\" src=\"https:\/\/nurgrouptr.com\/wp-content\/uploads\/2022\/06\/meydan6.jpeg\" alt=\"\" class=\"wp-image-6293\" srcset=\"https:\/\/nurgrouptr.com\/wp-content\/uploads\/2022\/06\/meydan6.jpeg 1600w, https:\/\/nurgrouptr.com\/wp-content\/uploads\/2022\/06\/meydan6-600x338.jpeg 600w, https:\/\/nurgrouptr.com\/wp-content\/uploads\/2022\/06\/meydan6-300x169.jpeg 300w, https:\/\/nurgrouptr.com\/wp-content\/uploads\/2022\/06\/meydan6-1024x577.jpeg 1024w, https:\/\/nurgrouptr.com\/wp-content\/uploads\/2022\/06\/meydan6-768x432.jpeg 768w, https:\/\/nurgrouptr.com\/wp-content\/uploads\/2022\/06\/meydan6-1536x865.jpeg 1536w, https:\/\/nurgrouptr.com\/wp-content\/uploads\/2022\/06\/meydan6-450x253.jpeg 450w, https:\/\/nurgrouptr.com\/wp-content\/uploads\/2022\/06\/meydan6-595x335.jpeg 595w\" sizes=\"(max-width: 1600px) 100vw, 1600px\" \/><\/figure>\n\n\n\n<figure class=\"wp-block-image size-large\"><img loading=\"lazy\" decoding=\"async\" width=\"1600\" height=\"1052\" src=\"https:\/\/nurgrouptr.com\/wp-content\/uploads\/2022\/06\/meydan5.jpeg\" alt=\"\" class=\"wp-image-6292\" srcset=\"https:\/\/nurgrouptr.com\/wp-content\/uploads\/2022\/06\/meydan5.jpeg 1600w, https:\/\/nurgrouptr.com\/wp-content\/uploads\/2022\/06\/meydan5-600x395.jpeg 600w, https:\/\/nurgrouptr.com\/wp-content\/uploads\/2022\/06\/meydan5-300x197.jpeg 300w, https:\/\/nurgrouptr.com\/wp-content\/uploads\/2022\/06\/meydan5-1024x673.jpeg 1024w, https:\/\/nurgrouptr.com\/wp-content\/uploads\/2022\/06\/meydan5-768x505.jpeg 768w, https:\/\/nurgrouptr.com\/wp-content\/uploads\/2022\/06\/meydan5-1536x1010.jpeg 1536w, https:\/\/nurgrouptr.com\/wp-content\/uploads\/2022\/06\/meydan5-450x296.jpeg 450w, https:\/\/nurgrouptr.com\/wp-content\/uploads\/2022\/06\/meydan5-595x391.jpeg 595w\" sizes=\"(max-width: 1600px) 100vw, 1600px\" \/><\/figure>\n\n\n\n<figure class=\"wp-block-image size-large\"><img loading=\"lazy\" decoding=\"async\" width=\"1600\" height=\"900\" src=\"https:\/\/nurgrouptr.com\/wp-content\/uploads\/2022\/06\/meydan4.jpeg\" alt=\"\" class=\"wp-image-6291\" srcset=\"https:\/\/nurgrouptr.com\/wp-content\/uploads\/2022\/06\/meydan4.jpeg 1600w, https:\/\/nurgrouptr.com\/wp-content\/uploads\/2022\/06\/meydan4-600x338.jpeg 600w, https:\/\/nurgrouptr.com\/wp-content\/uploads\/2022\/06\/meydan4-300x169.jpeg 300w, https:\/\/nurgrouptr.com\/wp-content\/uploads\/2022\/06\/meydan4-1024x576.jpeg 1024w, https:\/\/nurgrouptr.com\/wp-content\/uploads\/2022\/06\/meydan4-768x432.jpeg 768w, https:\/\/nurgrouptr.com\/wp-content\/uploads\/2022\/06\/meydan4-1536x864.jpeg 1536w, https:\/\/nurgrouptr.com\/wp-content\/uploads\/2022\/06\/meydan4-450x253.jpeg 450w, https:\/\/nurgrouptr.com\/wp-content\/uploads\/2022\/06\/meydan4-595x335.jpeg 595w\" sizes=\"(max-width: 1600px) 100vw, 1600px\" \/><\/figure>\n\n\n\n<figure class=\"wp-block-image size-large\"><img loading=\"lazy\" decoding=\"async\" width=\"1600\" height=\"854\" src=\"https:\/\/nurgrouptr.com\/wp-content\/uploads\/2022\/06\/meydan3.jpeg\" alt=\"\" class=\"wp-image-6290\" srcset=\"https:\/\/nurgrouptr.com\/wp-content\/uploads\/2022\/06\/meydan3.jpeg 1600w, https:\/\/nurgrouptr.com\/wp-content\/uploads\/2022\/06\/meydan3-600x320.jpeg 600w, https:\/\/nurgrouptr.com\/wp-content\/uploads\/2022\/06\/meydan3-300x160.jpeg 300w, https:\/\/nurgrouptr.com\/wp-content\/uploads\/2022\/06\/meydan3-1024x547.jpeg 1024w, https:\/\/nurgrouptr.com\/wp-content\/uploads\/2022\/06\/meydan3-768x410.jpeg 768w, https:\/\/nurgrouptr.com\/wp-content\/uploads\/2022\/06\/meydan3-1536x820.jpeg 1536w, https:\/\/nurgrouptr.com\/wp-content\/uploads\/2022\/06\/meydan3-280x150.jpeg 280w, https:\/\/nurgrouptr.com\/wp-content\/uploads\/2022\/06\/meydan3-450x240.jpeg 450w, https:\/\/nurgrouptr.com\/wp-content\/uploads\/2022\/06\/meydan3-595x318.jpeg 595w\" sizes=\"(max-width: 1600px) 100vw, 1600px\" \/><\/figure>\n\n\n\n<figure class=\"wp-block-image size-large\"><img loading=\"lazy\" decoding=\"async\" width=\"1600\" height=\"837\" src=\"https:\/\/nurgrouptr.com\/wp-content\/uploads\/2022\/06\/meydan2.jpeg\" alt=\"\" class=\"wp-image-6289\" srcset=\"https:\/\/nurgrouptr.com\/wp-content\/uploads\/2022\/06\/meydan2.jpeg 1600w, https:\/\/nurgrouptr.com\/wp-content\/uploads\/2022\/06\/meydan2-600x314.jpeg 600w, https:\/\/nurgrouptr.com\/wp-content\/uploads\/2022\/06\/meydan2-300x157.jpeg 300w, https:\/\/nurgrouptr.com\/wp-content\/uploads\/2022\/06\/meydan2-1024x536.jpeg 1024w, https:\/\/nurgrouptr.com\/wp-content\/uploads\/2022\/06\/meydan2-768x402.jpeg 768w, https:\/\/nurgrouptr.com\/wp-content\/uploads\/2022\/06\/meydan2-1536x804.jpeg 1536w, https:\/\/nurgrouptr.com\/wp-content\/uploads\/2022\/06\/meydan2-450x235.jpeg 450w, https:\/\/nurgrouptr.com\/wp-content\/uploads\/2022\/06\/meydan2-595x311.jpeg 595w\" sizes=\"(max-width: 1600px) 100vw, 1600px\" \/><\/figure>\n\n\n\n<figure class=\"wp-block-image size-large\"><img loading=\"lazy\" decoding=\"async\" width=\"1600\" height=\"847\" src=\"https:\/\/nurgrouptr.com\/wp-content\/uploads\/2022\/06\/meydan1.jpeg\" alt=\"\" class=\"wp-image-6288\" srcset=\"https:\/\/nurgrouptr.com\/wp-content\/uploads\/2022\/06\/meydan1.jpeg 1600w, https:\/\/nurgrouptr.com\/wp-content\/uploads\/2022\/06\/meydan1-600x318.jpeg 600w, https:\/\/nurgrouptr.com\/wp-content\/uploads\/2022\/06\/meydan1-300x159.jpeg 300w, https:\/\/nurgrouptr.com\/wp-content\/uploads\/2022\/06\/meydan1-1024x542.jpeg 1024w, https:\/\/nurgrouptr.com\/wp-content\/uploads\/2022\/06\/meydan1-768x407.jpeg 768w, https:\/\/nurgrouptr.com\/wp-content\/uploads\/2022\/06\/meydan1-1536x813.jpeg 1536w, https:\/\/nurgrouptr.com\/wp-content\/uploads\/2022\/06\/meydan1-450x238.jpeg 450w, https:\/\/nurgrouptr.com\/wp-content\/uploads\/2022\/06\/meydan1-595x315.jpeg 595w\" sizes=\"(max-width: 1600px) 100vw, 1600px\" \/><\/figure>\n\n\n\n<figure class=\"wp-block-image size-large\"><img loading=\"lazy\" decoding=\"async\" width=\"1600\" height=\"1159\" src=\"https:\/\/nurgrouptr.com\/wp-content\/uploads\/2021\/11\/a7.jpg\" alt=\"\" class=\"wp-image-6284\" srcset=\"https:\/\/nurgrouptr.com\/wp-content\/uploads\/2021\/11\/a7.jpg 1600w, https:\/\/nurgrouptr.com\/wp-content\/uploads\/2021\/11\/a7-600x435.jpg 600w, https:\/\/nurgrouptr.com\/wp-content\/uploads\/2021\/11\/a7-300x217.jpg 300w, https:\/\/nurgrouptr.com\/wp-content\/uploads\/2021\/11\/a7-1024x742.jpg 1024w, https:\/\/nurgrouptr.com\/wp-content\/uploads\/2021\/11\/a7-768x556.jpg 768w, https:\/\/nurgrouptr.com\/wp-content\/uploads\/2021\/11\/a7-1536x1113.jpg 1536w, https:\/\/nurgrouptr.com\/wp-content\/uploads\/2021\/11\/a7-450x326.jpg 450w, https:\/\/nurgrouptr.com\/wp-content\/uploads\/2021\/11\/a7-595x431.jpg 595w\" sizes=\"(max-width: 1600px) 100vw, 1600px\" \/><\/figure>\n\n\n\n<figure class=\"wp-block-image size-large\"><img loading=\"lazy\" decoding=\"async\" width=\"1600\" height=\"1159\" src=\"https:\/\/nurgrouptr.com\/wp-content\/uploads\/2021\/11\/a6.jpg\" alt=\"\" class=\"wp-image-6283\" srcset=\"https:\/\/nurgrouptr.com\/wp-content\/uploads\/2021\/11\/a6.jpg 1600w, https:\/\/nurgrouptr.com\/wp-content\/uploads\/2021\/11\/a6-600x435.jpg 600w, https:\/\/nurgrouptr.com\/wp-content\/uploads\/2021\/11\/a6-300x217.jpg 300w, https:\/\/nurgrouptr.com\/wp-content\/uploads\/2021\/11\/a6-1024x742.jpg 1024w, https:\/\/nurgrouptr.com\/wp-content\/uploads\/2021\/11\/a6-768x556.jpg 768w, https:\/\/nurgrouptr.com\/wp-content\/uploads\/2021\/11\/a6-1536x1113.jpg 1536w, https:\/\/nurgrouptr.com\/wp-content\/uploads\/2021\/11\/a6-450x326.jpg 450w, https:\/\/nurgrouptr.com\/wp-content\/uploads\/2021\/11\/a6-595x431.jpg 595w\" sizes=\"(max-width: 1600px) 100vw, 1600px\" \/><\/figure>\n\n\n\n<figure class=\"wp-block-image size-large\"><img loading=\"lazy\" decoding=\"async\" width=\"1600\" height=\"1159\" src=\"https:\/\/nurgrouptr.com\/wp-content\/uploads\/2021\/11\/a5.jpg\" alt=\"\" class=\"wp-image-6282\" srcset=\"https:\/\/nurgrouptr.com\/wp-content\/uploads\/2021\/11\/a5.jpg 1600w, https:\/\/nurgrouptr.com\/wp-content\/uploads\/2021\/11\/a5-600x435.jpg 600w, https:\/\/nurgrouptr.com\/wp-content\/uploads\/2021\/11\/a5-300x217.jpg 300w, https:\/\/nurgrouptr.com\/wp-content\/uploads\/2021\/11\/a5-1024x742.jpg 1024w, https:\/\/nurgrouptr.com\/wp-content\/uploads\/2021\/11\/a5-768x556.jpg 768w, https:\/\/nurgrouptr.com\/wp-content\/uploads\/2021\/11\/a5-1536x1113.jpg 1536w, https:\/\/nurgrouptr.com\/wp-content\/uploads\/2021\/11\/a5-450x326.jpg 450w, https:\/\/nurgrouptr.com\/wp-content\/uploads\/2021\/11\/a5-595x431.jpg 595w\" sizes=\"(max-width: 1600px) 100vw, 1600px\" \/><\/figure>\n\n\n\n<figure class=\"wp-block-image size-large\"><img loading=\"lazy\" decoding=\"async\" width=\"1600\" height=\"1159\" src=\"https:\/\/nurgrouptr.com\/wp-content\/uploads\/2021\/11\/a4.jpg\" alt=\"\" class=\"wp-image-6281\" srcset=\"https:\/\/nurgrouptr.com\/wp-content\/uploads\/2021\/11\/a4.jpg 1600w, https:\/\/nurgrouptr.com\/wp-content\/uploads\/2021\/11\/a4-600x435.jpg 600w, https:\/\/nurgrouptr.com\/wp-content\/uploads\/2021\/11\/a4-300x217.jpg 300w, https:\/\/nurgrouptr.com\/wp-content\/uploads\/2021\/11\/a4-1024x742.jpg 1024w, https:\/\/nurgrouptr.com\/wp-content\/uploads\/2021\/11\/a4-768x556.jpg 768w, https:\/\/nurgrouptr.com\/wp-content\/uploads\/2021\/11\/a4-1536x1113.jpg 1536w, https:\/\/nurgrouptr.com\/wp-content\/uploads\/2021\/11\/a4-450x326.jpg 450w, https:\/\/nurgrouptr.com\/wp-content\/uploads\/2021\/11\/a4-595x431.jpg 595w\" sizes=\"(max-width: 1600px) 100vw, 1600px\" \/><\/figure>\n\n\n\n<figure class=\"wp-block-image size-large\"><img loading=\"lazy\" decoding=\"async\" width=\"1600\" height=\"1159\" src=\"https:\/\/nurgrouptr.com\/wp-content\/uploads\/2021\/11\/a3.jpg\" alt=\"\" class=\"wp-image-6280\" srcset=\"https:\/\/nurgrouptr.com\/wp-content\/uploads\/2021\/11\/a3.jpg 1600w, https:\/\/nurgrouptr.com\/wp-content\/uploads\/2021\/11\/a3-600x435.jpg 600w, https:\/\/nurgrouptr.com\/wp-content\/uploads\/2021\/11\/a3-300x217.jpg 300w, https:\/\/nurgrouptr.com\/wp-content\/uploads\/2021\/11\/a3-1024x742.jpg 1024w, https:\/\/nurgrouptr.com\/wp-content\/uploads\/2021\/11\/a3-768x556.jpg 768w, https:\/\/nurgrouptr.com\/wp-content\/uploads\/2021\/11\/a3-1536x1113.jpg 1536w, https:\/\/nurgrouptr.com\/wp-content\/uploads\/2021\/11\/a3-450x326.jpg 450w, https:\/\/nurgrouptr.com\/wp-content\/uploads\/2021\/11\/a3-595x431.jpg 595w\" sizes=\"(max-width: 1600px) 100vw, 1600px\" \/><\/figure>\n\n\n\n<figure class=\"wp-block-image size-large\"><img loading=\"lazy\" decoding=\"async\" width=\"1600\" height=\"1159\" src=\"https:\/\/nurgrouptr.com\/wp-content\/uploads\/2021\/11\/a2.jpg\" alt=\"\" class=\"wp-image-6279\" srcset=\"https:\/\/nurgrouptr.com\/wp-content\/uploads\/2021\/11\/a2.jpg 1600w, https:\/\/nurgrouptr.com\/wp-content\/uploads\/2021\/11\/a2-600x435.jpg 600w, https:\/\/nurgrouptr.com\/wp-content\/uploads\/2021\/11\/a2-300x217.jpg 300w, https:\/\/nurgrouptr.com\/wp-content\/uploads\/2021\/11\/a2-1024x742.jpg 1024w, https:\/\/nurgrouptr.com\/wp-content\/uploads\/2021\/11\/a2-768x556.jpg 768w, https:\/\/nurgrouptr.com\/wp-content\/uploads\/2021\/11\/a2-1536x1113.jpg 1536w, https:\/\/nurgrouptr.com\/wp-content\/uploads\/2021\/11\/a2-450x326.jpg 450w, https:\/\/nurgrouptr.com\/wp-content\/uploads\/2021\/11\/a2-595x431.jpg 595w\" sizes=\"(max-width: 1600px) 100vw, 1600px\" \/><\/figure>\n\n\n\n<figure class=\"wp-block-image size-large\"><img loading=\"lazy\" decoding=\"async\" width=\"1600\" height=\"1159\" src=\"https:\/\/nurgrouptr.com\/wp-content\/uploads\/2021\/11\/a1.jpg\" alt=\"\" class=\"wp-image-6278\" srcset=\"https:\/\/nurgrouptr.com\/wp-content\/uploads\/2021\/11\/a1.jpg 1600w, https:\/\/nurgrouptr.com\/wp-content\/uploads\/2021\/11\/a1-600x435.jpg 600w, https:\/\/nurgrouptr.com\/wp-content\/uploads\/2021\/11\/a1-300x217.jpg 300w, https:\/\/nurgrouptr.com\/wp-content\/uploads\/2021\/11\/a1-1024x742.jpg 1024w, https:\/\/nurgrouptr.com\/wp-content\/uploads\/2021\/11\/a1-768x556.jpg 768w, https:\/\/nurgrouptr.com\/wp-content\/uploads\/2021\/11\/a1-1536x1113.jpg 1536w, https:\/\/nurgrouptr.com\/wp-content\/uploads\/2021\/11\/a1-450x326.jpg 450w, https:\/\/nurgrouptr.com\/wp-content\/uploads\/2021\/11\/a1-595x431.jpg 595w\" sizes=\"(max-width: 1600px) 100vw, 1600px\" \/><\/figure>\n\n\n\n<figure class=\"wp-block-image size-large\"><img loading=\"lazy\" decoding=\"async\" width=\"2560\" height=\"1220\" src=\"https:\/\/nurgrouptr.com\/wp-content\/uploads\/2021\/11\/01-Meydan_Basaksehir_Vaz_Rev_TOP_.0015_harita-scaled.jpg\" alt=\"\" class=\"wp-image-6232\" srcset=\"https:\/\/nurgrouptr.com\/wp-content\/uploads\/2021\/11\/01-Meydan_Basaksehir_Vaz_Rev_TOP_.0015_harita-scaled.jpg 2560w, https:\/\/nurgrouptr.com\/wp-content\/uploads\/2021\/11\/01-Meydan_Basaksehir_Vaz_Rev_TOP_.0015_harita-scaled-600x286.jpg 600w, https:\/\/nurgrouptr.com\/wp-content\/uploads\/2021\/11\/01-Meydan_Basaksehir_Vaz_Rev_TOP_.0015_harita-300x143.jpg 300w, https:\/\/nurgrouptr.com\/wp-content\/uploads\/2021\/11\/01-Meydan_Basaksehir_Vaz_Rev_TOP_.0015_harita-1024x488.jpg 1024w, https:\/\/nurgrouptr.com\/wp-content\/uploads\/2021\/11\/01-Meydan_Basaksehir_Vaz_Rev_TOP_.0015_harita-768x366.jpg 768w, https:\/\/nurgrouptr.com\/wp-content\/uploads\/2021\/11\/01-Meydan_Basaksehir_Vaz_Rev_TOP_.0015_harita-1536x732.jpg 1536w, https:\/\/nurgrouptr.com\/wp-content\/uploads\/2021\/11\/01-Meydan_Basaksehir_Vaz_Rev_TOP_.0015_harita-2048x976.jpg 2048w, https:\/\/nurgrouptr.com\/wp-content\/uploads\/2021\/11\/01-Meydan_Basaksehir_Vaz_Rev_TOP_.0015_harita-450x214.jpg 450w, https:\/\/nurgrouptr.com\/wp-content\/uploads\/2021\/11\/01-Meydan_Basaksehir_Vaz_Rev_TOP_.0015_harita-595x283.jpg 595w\" sizes=\"(max-width: 2560px) 100vw, 2560px\" \/><\/figure>\n\n\n\n<figure class=\"wp-block-image size-large\"><img loading=\"lazy\" decoding=\"async\" width=\"2560\" height=\"1510\" src=\"https:\/\/nurgrouptr.com\/wp-content\/uploads\/2021\/11\/Meydan_Basaksehir_Vaz_Aci_00_Baski_B-scaled.jpg\" alt=\"\" class=\"wp-image-6235\" srcset=\"https:\/\/nurgrouptr.com\/wp-content\/uploads\/2021\/11\/Meydan_Basaksehir_Vaz_Aci_00_Baski_B-scaled.jpg 2560w, https:\/\/nurgrouptr.com\/wp-content\/uploads\/2021\/11\/Meydan_Basaksehir_Vaz_Aci_00_Baski_B-scaled-600x354.jpg 600w, https:\/\/nurgrouptr.com\/wp-content\/uploads\/2021\/11\/Meydan_Basaksehir_Vaz_Aci_00_Baski_B-300x177.jpg 300w, https:\/\/nurgrouptr.com\/wp-content\/uploads\/2021\/11\/Meydan_Basaksehir_Vaz_Aci_00_Baski_B-1024x604.jpg 1024w, https:\/\/nurgrouptr.com\/wp-content\/uploads\/2021\/11\/Meydan_Basaksehir_Vaz_Aci_00_Baski_B-768x453.jpg 768w, https:\/\/nurgrouptr.com\/wp-content\/uploads\/2021\/11\/Meydan_Basaksehir_Vaz_Aci_00_Baski_B-1536x906.jpg 1536w, https:\/\/nurgrouptr.com\/wp-content\/uploads\/2021\/11\/Meydan_Basaksehir_Vaz_Aci_00_Baski_B-2048x1208.jpg 2048w, https:\/\/nurgrouptr.com\/wp-content\/uploads\/2021\/11\/Meydan_Basaksehir_Vaz_Aci_00_Baski_B-450x265.jpg 450w, https:\/\/nurgrouptr.com\/wp-content\/uploads\/2021\/11\/Meydan_Basaksehir_Vaz_Aci_00_Baski_B-595x351.jpg 595w\" sizes=\"(max-width: 2560px) 100vw, 2560px\" \/><\/figure>\n\n\n\n<figure class=\"wp-block-image size-large\"><img loading=\"lazy\" decoding=\"async\" width=\"2560\" height=\"1708\" src=\"https:\/\/nurgrouptr.com\/wp-content\/uploads\/2021\/11\/Meydan_Basaksehir_Vaz_Aci_03_Baski_B-scaled.jpg\" alt=\"\" class=\"wp-image-6236\" srcset=\"https:\/\/nurgrouptr.com\/wp-content\/uploads\/2021\/11\/Meydan_Basaksehir_Vaz_Aci_03_Baski_B-scaled.jpg 2560w, https:\/\/nurgrouptr.com\/wp-content\/uploads\/2021\/11\/Meydan_Basaksehir_Vaz_Aci_03_Baski_B-scaled-600x400.jpg 600w, https:\/\/nurgrouptr.com\/wp-content\/uploads\/2021\/11\/Meydan_Basaksehir_Vaz_Aci_03_Baski_B-300x200.jpg 300w, https:\/\/nurgrouptr.com\/wp-content\/uploads\/2021\/11\/Meydan_Basaksehir_Vaz_Aci_03_Baski_B-1024x683.jpg 1024w, https:\/\/nurgrouptr.com\/wp-content\/uploads\/2021\/11\/Meydan_Basaksehir_Vaz_Aci_03_Baski_B-768x512.jpg 768w, https:\/\/nurgrouptr.com\/wp-content\/uploads\/2021\/11\/Meydan_Basaksehir_Vaz_Aci_03_Baski_B-1536x1025.jpg 1536w, https:\/\/nurgrouptr.com\/wp-content\/uploads\/2021\/11\/Meydan_Basaksehir_Vaz_Aci_03_Baski_B-2048x1366.jpg 2048w, https:\/\/nurgrouptr.com\/wp-content\/uploads\/2021\/11\/Meydan_Basaksehir_Vaz_Aci_03_Baski_B-450x300.jpg 450w, https:\/\/nurgrouptr.com\/wp-content\/uploads\/2021\/11\/Meydan_Basaksehir_Vaz_Aci_03_Baski_B-595x397.jpg 595w\" sizes=\"(max-width: 2560px) 100vw, 2560px\" \/><\/figure>\n\n\n\n<figure class=\"wp-block-image size-large\"><img loading=\"lazy\" decoding=\"async\" width=\"2560\" height=\"1706\" src=\"https:\/\/nurgrouptr.com\/wp-content\/uploads\/2021\/11\/Meydan_Basaksehir_Vaz_Aci_04_Baski_B-scaled.jpg\" alt=\"\" class=\"wp-image-6237\" srcset=\"https:\/\/nurgrouptr.com\/wp-content\/uploads\/2021\/11\/Meydan_Basaksehir_Vaz_Aci_04_Baski_B-scaled.jpg 2560w, https:\/\/nurgrouptr.com\/wp-content\/uploads\/2021\/11\/Meydan_Basaksehir_Vaz_Aci_04_Baski_B-scaled-600x400.jpg 600w, https:\/\/nurgrouptr.com\/wp-content\/uploads\/2021\/11\/Meydan_Basaksehir_Vaz_Aci_04_Baski_B-300x200.jpg 300w, https:\/\/nurgrouptr.com\/wp-content\/uploads\/2021\/11\/Meydan_Basaksehir_Vaz_Aci_04_Baski_B-1024x683.jpg 1024w, https:\/\/nurgrouptr.com\/wp-content\/uploads\/2021\/11\/Meydan_Basaksehir_Vaz_Aci_04_Baski_B-768x512.jpg 768w, https:\/\/nurgrouptr.com\/wp-content\/uploads\/2021\/11\/Meydan_Basaksehir_Vaz_Aci_04_Baski_B-1536x1024.jpg 1536w, https:\/\/nurgrouptr.com\/wp-content\/uploads\/2021\/11\/Meydan_Basaksehir_Vaz_Aci_04_Baski_B-2048x1365.jpg 2048w, https:\/\/nurgrouptr.com\/wp-content\/uploads\/2021\/11\/Meydan_Basaksehir_Vaz_Aci_04_Baski_B-450x300.jpg 450w, https:\/\/nurgrouptr.com\/wp-content\/uploads\/2021\/11\/Meydan_Basaksehir_Vaz_Aci_04_Baski_B-595x397.jpg 595w\" sizes=\"(max-width: 2560px) 100vw, 2560px\" \/><\/figure>\n\n\n\n<h6 class=\"wp-block-heading\">\u0130STANBUL BA\u015eAK\u015eEH\u0130R \u0130K\u0130TELL\u0130 2. ETAP ARSA SATI\u015eI KAR\u015eILI\u011eI GEL\u0130R PAYLA\u015eIMI \u0130\u015e\u0130<\/h6>\n\n\n\n<h6 class=\"wp-block-heading\">MEYDAN BA\u015eAK\u015eEH\u0130R PROJES\u0130<\/h6>\n\n\n\n<h6 class=\"wp-block-heading\">KONUT VE T\u0130CAR\u0130 ALAN \u0130N\u015eAATI<\/h6>\n\n\n\n<p>EV PLANLARI KATALO\u011eU<\/p>","protected":false},"excerpt":{"rendered":"<p>Meydan Ba\u015fak\u015fehir Projesi \u0130STANBUL BA\u015eAK\u015eEH\u0130R \u0130K\u0130TELL\u0130 2. ETAP ARSA SATI\u015eI KAR\u015eILI\u011eI GEL\u0130R PAYLA\u015eIMI \u0130\u015e\u0130 MEYDAN BA\u015eAK\u015eEH\u0130R PROJES\u0130 KONUT VE T\u0130CAR\u0130 ALAN \u0130N\u015eAATI EV PLANLARI KATALO\u011eU<\/p>","protected":false},"author":6,"featured_media":0,"parent":0,"menu_order":0,"comment_status":"closed","ping_status":"closed","template":"","meta":{"footnotes":""},"class_list":["post-6423","page","type-page","status-publish","hentry"],"_links":{"self":[{"href":"https:\/\/nurgrouptr.com\/ar\/wp-json\/wp\/v2\/pages\/6423","targetHints":{"allow":["GET"]}}],"collection":[{"href":"https:\/\/nurgrouptr.com\/ar\/wp-json\/wp\/v2\/pages"}],"about":[{"href":"https:\/\/nurgrouptr.com\/ar\/wp-json\/wp\/v2\/types\/page"}],"author":[{"embeddable":true,"href":"https:\/\/nurgrouptr.com\/ar\/wp-json\/wp\/v2\/users\/6"}],"replies":[{"embeddable":true,"href":"https:\/\/nurgrouptr.com\/ar\/wp-json\/wp\/v2\/comments?post=6423"}],"version-history":[{"count":5,"href":"https:\/\/nurgrouptr.com\/ar\/wp-json\/wp\/v2\/pages\/6423\/revisions"}],"predecessor-version":[{"id":6503,"href":"https:\/\/nurgrouptr.com\/ar\/wp-json\/wp\/v2\/pages\/6423\/revisions\/6503"}],"wp:attachment":[{"href":"https:\/\/nurgrouptr.com\/ar\/wp-json\/wp\/v2\/media?parent=6423"}],"curies":[{"name":"wp","href":"https:\/\/api.w.org\/{rel}","templated":true}]}}