{"id":6416,"date":"2022-08-07T10:41:32","date_gmt":"2022-08-07T10:41:32","guid":{"rendered":"https:\/\/nurgrouptr.com\/?page_id=6416"},"modified":"2022-08-07T16:51:03","modified_gmt":"2022-08-07T16:51:03","slug":"saglik","status":"publish","type":"page","link":"https:\/\/nurgrouptr.com\/ar\/saglik\/","title":{"rendered":"Sa\u011fl\u0131k"},"content":{"rendered":"<figure class=\"wp-block-image aligncenter size-large is-resized\"><img fetchpriority=\"high\" decoding=\"async\" src=\"https:\/\/nurgrouptr.com\/wp-content\/uploads\/2022\/08\/Logo-With-Text-1024x215.png\" alt=\"\" class=\"wp-image-6417\" width=\"500\" height=\"105\" srcset=\"https:\/\/nurgrouptr.com\/wp-content\/uploads\/2022\/08\/Logo-With-Text-1024x215.png 1024w, https:\/\/nurgrouptr.com\/wp-content\/uploads\/2022\/08\/Logo-With-Text-300x63.png 300w, https:\/\/nurgrouptr.com\/wp-content\/uploads\/2022\/08\/Logo-With-Text-768x162.png 768w, https:\/\/nurgrouptr.com\/wp-content\/uploads\/2022\/08\/Logo-With-Text-450x95.png 450w, https:\/\/nurgrouptr.com\/wp-content\/uploads\/2022\/08\/Logo-With-Text-595x125.png 595w, https:\/\/nurgrouptr.com\/wp-content\/uploads\/2022\/08\/Logo-With-Text-600x126.png 600w, https:\/\/nurgrouptr.com\/wp-content\/uploads\/2022\/08\/Logo-With-Text.png 1426w\" sizes=\"(max-width: 500px) 100vw, 500px\" \/><\/figure>\n\n\n\n<h2 class=\"wp-block-heading\">Sa\u011fl\u0131k<\/h2>\n\n\n\n<p>\u015eirketimiz, b\u00fcnyesinde birlikte \u00e7al\u0131\u015fma y\u00fcr\u00fctt\u00fc\u011f\u00fc sa\u011fl\u0131k alan\u0131nda Mehraban Hastanesi ile hastalara ve ziyaret\u00e7ilere temiz bir \u00e7evre sunmak ad\u0131na \u00f6zenle \u00e7ok \u00e7al\u0131\u015fmaktad\u0131r. \u00d6te yandan, Mehraban Hastanesi Herat \u015fehrinde bulunan ilk ve tek binad\u0131r. Teknolojik ilerlemeye adapte olmu\u015f bu modern hastane, sa\u011fl\u0131k hizmetlerimizin kalitesinin yenilenmesine ve geli\u015fmesine imkan tan\u0131maktad\u0131r.<\/p>","protected":false},"excerpt":{"rendered":"<p>Sa\u011fl\u0131k \u015eirketimiz, b\u00fcnyesinde birlikte \u00e7al\u0131\u015fma y\u00fcr\u00fctt\u00fc\u011f\u00fc sa\u011fl\u0131k alan\u0131nda Mehraban Hastanesi ile hastalara ve ziyaret\u00e7ilere temiz bir \u00e7evre sunmak ad\u0131na \u00f6zenle \u00e7ok \u00e7al\u0131\u015fmaktad\u0131r. \u00d6te yandan, Mehraban Hastanesi Herat \u015fehrinde bulunan ilk ve tek binad\u0131r. Teknolojik ilerlemeye adapte olmu\u015f bu modern hastane, sa\u011fl\u0131k hizmetlerimizin kalitesinin yenilenmesine ve geli\u015fmesine imkan tan\u0131maktad\u0131r.<\/p>","protected":false},"author":6,"featured_media":0,"parent":0,"menu_order":0,"comment_status":"closed","ping_status":"closed","template":"","meta":{"footnotes":""},"class_list":["post-6416","page","type-page","status-publish","hentry"],"_links":{"self":[{"href":"https:\/\/nurgrouptr.com\/ar\/wp-json\/wp\/v2\/pages\/6416","targetHints":{"allow":["GET"]}}],"collection":[{"href":"https:\/\/nurgrouptr.com\/ar\/wp-json\/wp\/v2\/pages"}],"about":[{"href":"https:\/\/nurgrouptr.com\/ar\/wp-json\/wp\/v2\/types\/page"}],"author":[{"embeddable":true,"href":"https:\/\/nurgrouptr.com\/ar\/wp-json\/wp\/v2\/users\/6"}],"replies":[{"embeddable":true,"href":"https:\/\/nurgrouptr.com\/ar\/wp-json\/wp\/v2\/comments?post=6416"}],"version-history":[{"count":1,"href":"https:\/\/nurgrouptr.com\/ar\/wp-json\/wp\/v2\/pages\/6416\/revisions"}],"predecessor-version":[{"id":6418,"href":"https:\/\/nurgrouptr.com\/ar\/wp-json\/wp\/v2\/pages\/6416\/revisions\/6418"}],"wp:attachment":[{"href":"https:\/\/nurgrouptr.com\/ar\/wp-json\/wp\/v2\/media?parent=6416"}],"curies":[{"name":"wp","href":"https:\/\/api.w.org\/{rel}","templated":true}]}}